{"id":58,"date":"2018-02-06T00:58:36","date_gmt":"2018-02-05T23:58:36","guid":{"rendered":"http:\/\/www.psicoterapiastrategica-ancona.it\/wordpress\/?page_id=58"},"modified":"2021-08-22T12:42:24","modified_gmt":"2021-08-22T10:42:24","slug":"cenni-storici-psicoterapia-breve-strategica","status":"publish","type":"page","link":"https:\/\/www.psicoterapiastrategica-ancona.it\/wordpress\/cenni-storici-psicoterapia-breve-strategica\/","title":{"rendered":"Cenni Storici"},"content":{"rendered":"<p><img loading=\"lazy\" class=\"alignleft size-full wp-image-59\" src=\"http:\/\/www.psicoterapiastrategica-ancona.it\/wordpress\/wp-content\/uploads\/2018\/02\/ancona.jpg\" alt=\"\" width=\"260\" height=\"196\" \/>La &#8220;TERAPIA BREVE STRATEGICA\u00ae&#8221; rappresenta una sorta di &#8220;rivoluzione copernicana&#8221; nel campo della psicoterapia, che fonda le sue origini nelle Antiche Tradizioni Elleniche della Retorica dei Sofisti, nell&#8217;Arte Cinese dello Stratagemma, (Terapia breve strategica, 1997 &#8211; Cavalcare la propria tigre, 2003), nella Teoria della Comunicazione (Gregory Bateson), dagli sviluppi Costruttivisti della Teoria Cibernetica (Heinz von Foerster, Ernst von Glaserfeld), e negli studi sull&#8217;Ipnosi e la Suggestione di Milton Erickson<\/p>\n<p>Si deve alla feconda tradizione della Scuola di Palo Alto (Mental Research Institute-MRI) la formulazione del modello di Terapia Breve. Negli anni &#8217;70, infatti, il gruppo del MRI present\u00f2 alla comunit\u00e0 dei terapeuti i risultati del progetto &#8220;Brief Therapy Center&#8221; (Watzlawick, Weakland, Fisch 1974 &#8211; Weakland et alt. 1974). Fu il maestro Paul Watzlawick che con l&#8217;opera la Pragmatica della Comunicazione Umana (1971) che ha approfondito e sistemato i principi teorico-applicativi della comunicazione terapeutica.<\/p>\n<p>L&#8217;evoluzione della &#8220;Terapia Breve&#8221; \u00e8 la &#8220;TERAPIA BREVE STRATEGICA\u00ae&#8221; messa a punto da Giorgio Nardone. Questa evoluzione \u00e8 il risultato finale di un laborioso processo empirico \u2013 sperimentale eseguita al Centro di Terapia Strategica di Arezzo, per oltre venti anni.<br \/>\nLa &#8220;TERAPIA BREVE STRATEGICA\u00ae&#8221; dimostra la sua fecondit\u00e0 ed efficacia nell&#8217;applicazione a molti contesti ed in diverse culture. Inoltre tale modello evoluto, in virt\u00f9 della sua formalizzazione \u00e8 controllabile e verificabile, ma pu\u00f2 essere replicato e didatticamente trasmesso.<\/p>\n<p>&#8220;L&#8217;Arte del Cambiamento&#8221; (1990) manifesto della &#8220;TERAPIA BREVE STRATEGICA\u00ae&#8221;, presenta per la prima volta protocolli specifici di trattamento per particolari disturbi.<br \/>\nNell&#8217;opera &#8220;Paura, Panico, Fobie&#8221;, sulla scia di una rigorosa ricerca clinica, vengono presentati protocolli perfobie, ossessioni compulsive, ossessioni, attacco di panicoe ipocondria.<br \/>\nSuccessivamente la stessa procedura empirica e sperimentale di ricerca \u00e8 stata applicata anche ai disordini alimentari quali l\u2019anoressia, la bulimia ed il vomiting(Nardone, Milanese, Verbitz, 2010), e anche per disturbi considerati impossibile come la depressione (Murianna, Verbitz, Pettino ), le presunte psicosi, comportamenti auto-lesivi (Nardone, Selekman, 2011) e le dipendenze da sostanze( Fantappi\u00e9, Papantuono, Portelli, Taralli, Silvestri, 2010), fra altri.<\/p>\n<p>Il risultato del lavoro svolto dal centro di Arezzo e i collaboratori \u00e8 stato non solo lo sviluppo di protocolli efficaci (secondo gli psicoterapeuti che li praticano) per il trattamento di queste patologie, ma anche nuova conoscenza relativa al loro funzionamento e alle loro differenziazioni.<\/p>\n<p>Nel 1987 G. Nardone e Paul Watzlawick fondano il Centro di Terapia Strategica di Arezzo (C.T.S.) e attualmente il CTS e gli affiliati continuano il cammino con lo studio di modelli di psicoterapia breve.<br \/>\nLa Dott.ssa Portelli collabora al CTS diretto dal Prof. Giorgio Nardone dal 2001.<\/p>\n<p>Dal 2003, a Malta \u00e8 operante il Brief Therapy Centre, qui si applica il Modello Strategico Breve per i casi Clinici e per le Organizzazioni.<\/p>\n<p>Nella citt\u00e0 di Ancona dal 2004 la dott.ssa Claudette Portelli \u00e8 responsabile della ricerca presso lo studio affiliato al Centro di Terapia Strategica di Arezzo.<\/p>\n<p>Collabora alla ricerca e alla stesura di testi con il dott. Matteo Papantuono, insieme hanno gi\u00e0 compiuto e pubblicato ricerche per i casi di dipendenza e per le problematiche adolescenziali.<\/p>\n","protected":false},"excerpt":{"rendered":"<p>La &#8220;TERAPIA BREVE STRATEGICA\u00ae&#8221; rappresenta una sorta di &#8220;rivoluzione copernicana&#8221; nel campo della psicoterapia, che fonda le sue origini nelle Antiche Tradizioni Elleniche della Retorica dei Sofisti, nell&#8217;Arte Cinese dello Stratagemma, (Terapia breve strategica, 1997 &#8211; Cavalcare la propria tigre, 2003), nella Teoria della Comunicazione (Gregory Bateson), dagli sviluppi Costruttivisti della Teoria Cibernetica (Heinz von [&hellip;]<\/p>\n","protected":false},"author":1,"featured_media":0,"parent":0,"menu_order":0,"comment_status":"closed","ping_status":"closed","template":"","meta":[],"_links":{"self":[{"href":"https:\/\/www.psicoterapiastrategica-ancona.it\/wordpress\/wp-json\/wp\/v2\/pages\/58"}],"collection":[{"href":"https:\/\/www.psicoterapiastrategica-ancona.it\/wordpress\/wp-json\/wp\/v2\/pages"}],"about":[{"href":"https:\/\/www.psicoterapiastrategica-ancona.it\/wordpress\/wp-json\/wp\/v2\/types\/page"}],"author":[{"embeddable":true,"href":"https:\/\/www.psicoterapiastrategica-ancona.it\/wordpress\/wp-json\/wp\/v2\/users\/1"}],"replies":[{"embeddable":true,"href":"https:\/\/www.psicoterapiastrategica-ancona.it\/wordpress\/wp-json\/wp\/v2\/comments?post=58"}],"version-history":[{"count":3,"href":"https:\/\/www.psicoterapiastrategica-ancona.it\/wordpress\/wp-json\/wp\/v2\/pages\/58\/revisions"}],"predecessor-version":[{"id":199,"href":"https:\/\/www.psicoterapiastrategica-ancona.it\/wordpress\/wp-json\/wp\/v2\/pages\/58\/revisions\/199"}],"wp:attachment":[{"href":"https:\/\/www.psicoterapiastrategica-ancona.it\/wordpress\/wp-json\/wp\/v2\/media?parent=58"}],"curies":[{"name":"wp","href":"https:\/\/api.w.org\/{rel}","templated":true}]}}